{"id":33,"date":"2014-05-07T11:31:36","date_gmt":"2014-05-07T09:31:36","guid":{"rendered":"http:\/\/www.tabla.at\/?page_id=33"},"modified":"2021-08-04T17:03:37","modified_gmt":"2021-08-04T15:03:37","slug":"die-tabla","status":"publish","type":"page","link":"http:\/\/www.tabla.at\/","title":{"rendered":"Die Tabla"},"content":{"rendered":"<div>\n<p>Das Trommelpaar Tabla ist mit gro\u00dfem Abstand das popul\u00e4rste Rhythmus-Instrument Nordindiens. Es wird aufgrund seiner vielseitigen Einsatzm\u00f6glichkeiten mittlerweile auch au\u00dferhalb der hindustanischen Musik weltweit in den unterschiedlichsten Genres eingesetzt.<\/p>\n<p>Bezeichnend f\u00fcr die Toncharakteristik des Trommelpaares, das aus der rechten Holztrommel Dayan (auch als Tabla bezeichnet) und der linken Trommel Bayan besteht, ist die jeweils schwarze Fl\u00e4che auf den Ziegenfellen beider Trommeln, welche als Shyahi bezeichnet werden. Diese schwarzen Fl\u00e4chen bestehen zumeist aus Eisenfeilenstaub, Reis und einem Bindemittel und gew\u00e4hrleisten den f\u00fcr das Trommelpaar Tabla charakteristischen Klang.<\/p>\n<p>Die rechte Trommel Dayan kann mithilfe der Stimmkl\u00f6tze (Gattha) mit gro\u00dfer Pr\u00e4zision auf den Bordunton gestimmt werden. Im Gegensatz zur Holztrommel Dayan besteht die Bayan in gegenw\u00e4rtiger Musikpraxis meist aus Kupfer und ist meist mit Nickel legiert. Durch den Shyahi aber auch durch einen Fellring (Kinar) am Rand der Dayan ergeben sich verschiedene Anschlagfl\u00e4chen mit unterschiedlicher Klangcharakteristik. Bei der Bayan ergibt sich die typische Klangcharakteristik weniger durch unterschiedliche Anschlagfl\u00e4chen als vielmehr durch unterschiedliche Bewegung oder Druckaus\u00fcbung des Handballens.<\/p>\n<\/div>\n<p><b>\u00a0<\/b><\/p>\n","protected":false},"excerpt":{"rendered":"<p>Das Trommelpaar Tabla ist mit gro\u00dfem Abstand das popul\u00e4rste Rhythmus-Instrument Nordindiens. Es wird aufgrund seiner vielseitigen Einsatzm\u00f6glichkeiten mittlerweile auch au\u00dferhalb der hindustanischen Musik weltweit in den unterschiedlichsten Genres eingesetzt. Bezeichnend f\u00fcr die Toncharakteristik des Trommelpaares, das aus der rechten Holztrommel &hellip; <a href=\"http:\/\/www.tabla.at\/\">Weiter<\/a><\/p>\n","protected":false},"author":1,"featured_media":0,"parent":0,"menu_order":0,"comment_status":"closed","ping_status":"closed","template":"","meta":{"footnotes":""},"class_list":["post-33","page","type-page","status-publish","hentry"],"_links":{"self":[{"href":"http:\/\/www.tabla.at\/index.php?rest_route=\/wp\/v2\/pages\/33","targetHints":{"allow":["GET"]}}],"collection":[{"href":"http:\/\/www.tabla.at\/index.php?rest_route=\/wp\/v2\/pages"}],"about":[{"href":"http:\/\/www.tabla.at\/index.php?rest_route=\/wp\/v2\/types\/page"}],"author":[{"embeddable":true,"href":"http:\/\/www.tabla.at\/index.php?rest_route=\/wp\/v2\/users\/1"}],"replies":[{"embeddable":true,"href":"http:\/\/www.tabla.at\/index.php?rest_route=%2Fwp%2Fv2%2Fcomments&post=33"}],"version-history":[{"count":11,"href":"http:\/\/www.tabla.at\/index.php?rest_route=\/wp\/v2\/pages\/33\/revisions"}],"predecessor-version":[{"id":334,"href":"http:\/\/www.tabla.at\/index.php?rest_route=\/wp\/v2\/pages\/33\/revisions\/334"}],"wp:attachment":[{"href":"http:\/\/www.tabla.at\/index.php?rest_route=%2Fwp%2Fv2%2Fmedia&parent=33"}],"curies":[{"name":"wp","href":"https:\/\/api.w.org\/{rel}","templated":true}]}}