{"id":14,"date":"2014-05-06T19:51:30","date_gmt":"2014-05-06T17:51:30","guid":{"rendered":"http:\/\/www.tabla.at\/?page_id=14"},"modified":"2021-08-15T20:13:28","modified_gmt":"2021-08-15T18:13:28","slug":"werdegang-taetigkeitsbereiche-kontakt","status":"publish","type":"page","link":"https:\/\/www.tabla.at\/?page_id=14","title":{"rendered":"\u00dcber mich"},"content":{"rendered":"<p>Ich studierte Philosophie an der Universit\u00e4t Wien. Im Jahre 1989 kam ich im Rahmen eines Auslandsemesters nach New Delhi. Dort kam ich das erste Mal in Kontakt mit indischer Musik und begann mich mit der Kunst des Tablaspiels zu besch\u00e4ftigen, zun\u00e4chst unterwiesen von Ustad Zamir Ahmed Khan. Dies war der Beginn einer langj\u00e4hrigen und bis jetzt anhaltenden Ausbildung in der Kunst des Tablaspiels.<\/p>\n<p>Parallel zu meinem Philosophiestudium hatte ich die Gelegenheit von dem in Wien lebenden indischen Musiker Jatinder Thakur in Tabla unterrichtet zu werden. Es folgten immer wieder Studienaufenthalte in Indien, um von\u00a0 unterschiedlichen Tablameistern unterrichtet zu werden. Teilweise wurde dankenswerterweise finanzielle Unterst\u00fctzung vom ICCR (Indian Council for Cultural Relation) gew\u00e4hrt, so etwa f\u00fcr den Studienaufenthalt beim weltbekannten Tablameister Pandit Anindo Chatterjee (Kolkata).<\/p>\n<p>In den letzten etwa zehn Jahren erhielt ich Unterricht beim ebenfalls sehr renommierten Tablameister Pandit Suresh Talwalkar (Mumbai, Pune) und studierte unter seiner F\u00fchrung im Rahmen eines dreij\u00e4hrigen Masterstudiums Tabla an der Shivaji University in Kolhapur, Maharastra (Abschluss 2011 als Master of Performing Arts(MPA)).<\/p>\n<p>Zuvor schloss ich im Jahre 2008 parallel zu meiner Forschungst\u00e4tigkeit mein Doktoratstudium \u00fcber \u201eHindustani Tal; its Structure, its\u00a0 Cognition\u201c an der Fakult\u00e4t der Psychologie an der Universit\u00e4t Wien ab.<\/p>\n<p>___________________________________________________________________________<\/p>\n<p>Ich bin als Musiker sowohl als Begleiter der nordindischen klassischen Musik, als Tabla-Soloist als auch in den unterschiedlichsten Formationen t\u00e4tig (s. Performance, s. Video).<\/p>\n<p>Ich unterrichte Tabla zumeist in Einzelsitzungen und unabh\u00e4ngig davon meist MusikerInnen oder T\u00e4nzerInnen in Konokol, um rhythmische Kompetenz zu verbessern und\/oder um ein bestehendes Repertoire um spezifische Elemente der \u201eindischen Rhythmik\u201c zu erweitern.<\/p>\n<p>Seit einigen Jahren unterrichte ich als Lektor immer wieder indische Rhythmik in Theorie und\/oder Praxis\u00a0 an unterschiedlichen universit\u00e4ren Organisationen, wie beispielsweise am Institut f\u00fcr Musikwissenschaft an der Universit\u00e4t Wien oder der Universit\u00e4t f\u00fcr Musik und darstellende Kunst in Graz (KUG).<\/p>\n<p>Ich bin als wissenschaftlicher Gastvortragender bzw. als Leiter von Rhythmusworkshops t\u00e4tig, wie etwa an der KUG in Graz oder der Universit\u00e4t\u00a0 f\u00fcr Musik und darstellende Kunst in Wien.<\/p>\n<p>Zudem konnte ich als Autor von wissenschaftlichen Textbeitr\u00e4gen, als Berater und musikalischer Gestalter einige Erfahrungen sammeln, wie etwa im Rahmen der DAGA 2006 oder etwa der Ausstellung der Schallaburg \u201eDas Indien der Maharadschas\u201c (2013).<\/p>\n","protected":false},"excerpt":{"rendered":"<p>Ich studierte Philosophie an der Universit\u00e4t Wien. Im Jahre 1989 kam ich im Rahmen eines Auslandsemesters nach New Delhi. Dort kam ich das erste Mal in Kontakt mit indischer Musik und begann mich mit der Kunst des Tablaspiels zu besch\u00e4ftigen, &hellip; <a href=\"https:\/\/www.tabla.at\/?page_id=14\">Weiter<\/a><\/p>\n","protected":false},"author":1,"featured_media":0,"parent":0,"menu_order":0,"comment_status":"closed","ping_status":"closed","template":"","meta":{"footnotes":""},"class_list":["post-14","page","type-page","status-publish","hentry"],"_links":{"self":[{"href":"https:\/\/www.tabla.at\/index.php?rest_route=\/wp\/v2\/pages\/14","targetHints":{"allow":["GET"]}}],"collection":[{"href":"https:\/\/www.tabla.at\/index.php?rest_route=\/wp\/v2\/pages"}],"about":[{"href":"https:\/\/www.tabla.at\/index.php?rest_route=\/wp\/v2\/types\/page"}],"author":[{"embeddable":true,"href":"https:\/\/www.tabla.at\/index.php?rest_route=\/wp\/v2\/users\/1"}],"replies":[{"embeddable":true,"href":"https:\/\/www.tabla.at\/index.php?rest_route=%2Fwp%2Fv2%2Fcomments&post=14"}],"version-history":[{"count":13,"href":"https:\/\/www.tabla.at\/index.php?rest_route=\/wp\/v2\/pages\/14\/revisions"}],"predecessor-version":[{"id":317,"href":"https:\/\/www.tabla.at\/index.php?rest_route=\/wp\/v2\/pages\/14\/revisions\/317"}],"wp:attachment":[{"href":"https:\/\/www.tabla.at\/index.php?rest_route=%2Fwp%2Fv2%2Fmedia&parent=14"}],"curies":[{"name":"wp","href":"https:\/\/api.w.org\/{rel}","templated":true}]}}