{"id":9,"date":"2014-05-06T19:48:36","date_gmt":"2014-05-06T17:48:36","guid":{"rendered":"http:\/\/www.tabla.at\/?page_id=9"},"modified":"2021-09-07T11:21:49","modified_gmt":"2021-09-07T09:21:49","slug":"performance","status":"publish","type":"page","link":"https:\/\/www.tabla.at\/?page_id=9","title":{"rendered":"Performance"},"content":{"rendered":"<p><strong> Kurzbiographie:<\/strong><\/p>\n<p>Obwohl mein Fokus neben meinen universit\u00e4ren T\u00e4tigkeiten vorwiegend meiner Ausbildung als Tablaspieler gegolten habe, habe ich trotzdem immer wieder die Gelegenheit mit vielen Musikern, an renommierten Spielst\u00e4tten im In- und Ausland aufzutreten.<\/p>\n<p>Meine Erfahrungen als Tablaspieler umfassen Genres wie etwa die Begleitung von klassischer nordindischer Musik, vorwiegend Sitar und Bansuri, Solo-Tabla Performances, die Begleitung von klassisch indischem Tanz sowie immer wieder Auftritte als Gastmusiker in den unterschiedlichsten musikalischen Formationen.<\/p>\n<p>Zudem wirkte ich bei diversen Theaterproduktionen wie etwa im Stadttheater Baden oder im Theaterbrett mit, sowie bei diversen CD &#8211; Studioproduktionen wie etwa \u201eSound of Worlds; Vilagok Hangja\u201c oder bei den Wiener S\u00e4ngerknaben: \u201eSilk Road \u2013 Songs Along the Road and Time\u201c.<\/p>\n<p><strong>Einige Auftrittsorte:<\/strong><\/p>\n<p>Szene Wien, Porgy und Bess, Birdland (nicht mehr existent), Sargfabrik, Stadttheater Baden, Stadttheater Gmunden, Jazzkeller Klagenfurt, Festspielhaus St. P\u00f6lten, Sibiu (Konzert im Rahmen der \u201eKulturhauptstadt 2007\u201c), sowie auf indischen B\u00fchnen wie etwa in Delhi, Hyderabad, Chennai oder Kolhapur.<\/p>\n<p>Einige K\u00fcnstler- und Musikkollegen mit denen ich entweder vereinzelt oder aber auch regelm\u00e4\u00dfig auftrat bzw. auftritt:<\/p>\n<p>Daniel Bradley, Alokesh Chandra, Chandrakant Sardeshmukh, Soumen Bhattacharya, Rina Chandra, Radha Anjali, Jarrod Cagwin, Franz Hautzinger, Prinz Zeka und viele andere.<\/p>\n","protected":false},"excerpt":{"rendered":"<p>Kurzbiographie: Obwohl mein Fokus neben meinen universit\u00e4ren T\u00e4tigkeiten vorwiegend meiner Ausbildung als Tablaspieler gegolten habe, habe ich trotzdem immer wieder die Gelegenheit mit vielen Musikern, an renommierten Spielst\u00e4tten im In- und Ausland aufzutreten. Meine Erfahrungen als Tablaspieler umfassen Genres wie &hellip; <a href=\"https:\/\/www.tabla.at\/?page_id=9\">Weiter<\/a><\/p>\n","protected":false},"author":1,"featured_media":0,"parent":0,"menu_order":0,"comment_status":"open","ping_status":"open","template":"","meta":{"footnotes":""},"class_list":["post-9","page","type-page","status-publish","hentry"],"_links":{"self":[{"href":"https:\/\/www.tabla.at\/index.php?rest_route=\/wp\/v2\/pages\/9","targetHints":{"allow":["GET"]}}],"collection":[{"href":"https:\/\/www.tabla.at\/index.php?rest_route=\/wp\/v2\/pages"}],"about":[{"href":"https:\/\/www.tabla.at\/index.php?rest_route=\/wp\/v2\/types\/page"}],"author":[{"embeddable":true,"href":"https:\/\/www.tabla.at\/index.php?rest_route=\/wp\/v2\/users\/1"}],"replies":[{"embeddable":true,"href":"https:\/\/www.tabla.at\/index.php?rest_route=%2Fwp%2Fv2%2Fcomments&post=9"}],"version-history":[{"count":45,"href":"https:\/\/www.tabla.at\/index.php?rest_route=\/wp\/v2\/pages\/9\/revisions"}],"predecessor-version":[{"id":327,"href":"https:\/\/www.tabla.at\/index.php?rest_route=\/wp\/v2\/pages\/9\/revisions\/327"}],"wp:attachment":[{"href":"https:\/\/www.tabla.at\/index.php?rest_route=%2Fwp%2Fv2%2Fmedia&parent=9"}],"curies":[{"name":"wp","href":"https:\/\/api.w.org\/{rel}","templated":true}]}}